{"id":17265,"date":"2014-07-12T06:42:53","date_gmt":"2014-07-12T06:42:53","guid":{"rendered":"http:\/\/8theme.com\/demo\/royal\/?page_id=17265"},"modified":"2025-11-07T07:37:41","modified_gmt":"2025-11-07T07:37:41","slug":"endocrino-malaga","status":"publish","type":"page","link":"https:\/\/doctorgarciaarnes.com\/","title":{"rendered":"Endocrino M\u00e1laga"},"content":{"rendered":"<div class=\"wpb-content-wrapper\"><p>[vc_row][vc_column][vc_column_text css=\u00bb\u00bb]<\/p>\n<div><\/div>\n<p>[\/vc_column_text][\/vc_column][\/vc_row][vc_row bg_type=\u00bbtheme_default\u00bb css=\u00bb.vc_custom_1405148833663{margin-top: 40px !important;}\u00bb][vc_column][vc_column_text]<\/p>\n<h1 style=\"text-align: center; font-size: 34px; font-family: Roboto; font-weight: 300;\">Especialista en Endocrinolog\u00eda, Metabolismo y Nutrici\u00f3n<\/h1>\n<hr class=\"divider break\" style=\"background: #2fb7e4;\" \/>\n<p style=\"text-align: center; font-size: 18px; font-family: Roboto; font-weight: 300;\">Especialista en Medicina Interna &#8211; Profesor de Farmacolog\u00eda Cl\u00ednica de la Facultad de Medicina de M\u00e1laga<\/p>\n<p>[\/vc_column_text][vc_row_inner el_class=\u00bbdoctor-text-hover\u00bb][vc_column_inner width=\u00bb1\/3&#8243;]<div class=\"smile_icon_list_wrap icon-icon-doctor1\"><ul class=\"smile_icon_list top circle no_bg\"><li class=\"icon_list_item\" style=\" font-size:108px;\"><div class=\"icon_list_icon\" data-animation=\"\" data-animation-delay=\"03\" style=\"font-size:36px;border-width:0px;border-style:;color:;border-color:#ececec;\"><img decoding=\"async\" class=\"list-img-icon\" alt=\"icon\" src=\"https:\/\/doctorgarciaarnes.com\/wp-content\/uploads\/2014\/07\/patologias.png\"\/><\/div><div class=\"icon_description\"><div class=\"icon_description_text\" style=\"font-size:13px;line-height:18px;\"><h4 style=\"font-family: Roboto; font-size: 18px; font-weight: 400; text-align: center;\">Patolog\u00edas tratadas<\/h4>\n<hr class=\"divider break\" style=\"margin: 10px auto;\" \/>\n<p>Alteraciones de la gl\u00e1ndula Tiroides, Diabetes Mellitus, obesidad, delgadez excesiva, alteraciones del Colesterol y Triglic\u00e9ridos son algunas de las patolog\u00edas que tratamos<\/p>\n<p style=\"text-align: center;\"><a style=\"color: #de2833; text-decoration: underline; font-size: 12px; font-weight: bold;\" href=\"?page_id=17475\">CON\u00d3CELAS TODAS<\/a><\/p>\n<\/div><\/div><div class=\"icon_list_connector\" data-animation=\"fadeInLeft\" data-animation-delay=\"02\" style=\"border-color:#f5f5f5;\"><\/div><\/li><\/ul><\/div>[\/vc_column_inner][vc_column_inner width=\u00bb1\/3&#8243;]<div class=\"smile_icon_list_wrap icon-icon-doctor2\"><ul class=\"smile_icon_list top circle no_bg\"><li class=\"icon_list_item\" style=\" font-size:108px;\"><div class=\"icon_list_icon\" data-animation=\"\" data-animation-delay=\"03\" style=\"font-size:36px;border-width:0px;border-style:;color:;border-color:#ececec;font-size:36px;border-width:0px;border-style:;color:;border-color:#ececec;\"><img decoding=\"async\" class=\"list-img-icon\" alt=\"icon\" src=\"https:\/\/doctorgarciaarnes.com\/wp-content\/uploads\/2014\/07\/pruebas.png\"\/><\/div><div class=\"icon_description\"><div class=\"icon_description_text\" style=\"font-size:13px;line-height:18px;\"><h4 style=\"font-family: Roboto; font-size: 18px; font-weight: 400; text-align: center;\">Pruebas complementarias<\/h4>\n<hr class=\"divider break\" style=\"margin: 10px auto;\" \/>\n<p>Exploraci\u00f3n general, medidas antropom\u00e9tricas, estudio de la composici\u00f3n corporal mediante bioimpedancia el\u00e9ctrica, Metabolismo basal, ecograf\u00eda de la gl\u00e1ndula Tiroides, etc.<\/p>\n<p style=\"text-align: center;\"><a style=\"color: #de2833; text-decoration: underline; font-size: 12px; font-weight: bold;\" href=\"?page_id=17455\">M\u00c1S PRUEBAS<\/a><\/p>\n<\/div><\/div><div class=\"icon_list_connector\" data-animation=\"fadeInLeft\" data-animation-delay=\"02\" style=\"border-color:#f5f5f5;\"><\/div><\/li><\/ul><\/div>[\/vc_column_inner][vc_column_inner width=\u00bb1\/3&#8243;]<div class=\"smile_icon_list_wrap icon-icon-doctor3\"><ul class=\"smile_icon_list top circle no_bg\"><li class=\"icon_list_item\" style=\" font-size:108px;\"><div class=\"icon_list_icon\" data-animation=\"\" data-animation-delay=\"03\" style=\"font-size:36px;border-width:0px;border-style:;color:;border-color:#ececec;font-size:36px;border-width:0px;border-style:;color:;border-color:#ececec;font-size:36px;border-width:0px;border-style:;color:;border-color:#ececec;\"><img decoding=\"async\" class=\"list-img-icon\" alt=\"icon\" src=\"https:\/\/doctorgarciaarnes.com\/wp-content\/uploads\/2014\/07\/tecnologia.png\"\/><\/div><div class=\"icon_description\"><div class=\"icon_description_text\" style=\"font-size:13px;line-height:18px;\"><h4 style=\"font-family: Roboto; font-size: 18px; font-weight: 400; text-align: center;\">Tecnolog\u00eda avanzada<\/h4>\n<hr class=\"divider break\" style=\"margin: 10px auto;\" \/>\n<p>La mejor tecnolog\u00eda a disposici\u00f3n de nuestros pacientes para la exploraci\u00f3n y obtenci\u00f3n de resultados de la forma m\u00e1s eficaz y eficiente y con las menores molestias posibles.<\/p>\n<p style=\"text-align: center;\"><a style=\"color: #de2833; text-decoration: underline; font-size: 12px; font-weight: bold;\" href=\"?page_id=17455\">VER M\u00c1S<\/a><\/p>\n<\/div><\/div><div class=\"icon_list_connector\" data-animation=\"fadeInLeft\" data-animation-delay=\"02\" style=\"border-color:#f5f5f5;\"><\/div><\/li><\/ul><\/div>[\/vc_column_inner][\/vc_row_inner][\/vc_column][\/vc_row][vc_row bg_type=\u00bbimage\u00bb parallax_style=\u00bbvcpb-default\u00bb bg_image_new=\u00bb17289&#8243; bg_image_repeat=\u00bbno-repeat\u00bb bg_image_size=\u00bbcover\u00bb bg_img_attach=\u00bbfixed\u00bb bg_override=\u00bbfull\u00bb css=\u00bb.vc_custom_1405166354318{margin-top: -40px !important;padding-top: 100px !important;padding-bottom: 80px !important;}\u00bb][vc_column][vc_column_text]<\/p>\n<h1 style=\"text-align: center; font-family: Roboto; font-weight: 300; font-size: 36px; color: #fff;\">Juan Antonio Garc\u00eda Arn\u00e9s<\/h1>\n<hr class=\"break\" style=\"background: #2fb7e4;\" \/>\n<h3 style=\"text-align: center; font-family: Roboto; font-weight: 300; font-size: 26px; color: #fff;\">Endocrino M\u00e1laga<br \/>\nConsulta previa cita telef\u00f3nica<\/h3>\n<h4 style=\"text-align: center; font-family: Roboto; font-weight: 400; font-size: 20px; color: #fff; text-transform: none;\">Tf y Fax: 952 22 74 03 | info@doctorgarciaarnes.com.mialias.net<\/h4>\n<p style=\"text-align: center; font-family: Roboto; font-weight: 300; font-size: 18px; color: #fff;\">Alameda Principal, 6,3\u00ba J (junto a Calle Larios)<\/p>\n<p>[\/vc_column_text][\/vc_column][\/vc_row][vc_row css=\u00bb.vc_custom_1446113726588{margin-top: 70px !important;}\u00bb][vc_column][vc_column_text]<\/p>\n<h1 style=\"text-align: center; font-size: 40px; font-family: Roboto; font-weight: 300;\">Recomendaciones<\/h1>\n<hr class=\"divider break\" style=\"background: #2fb7e4;\" \/>\n<p style=\"text-align: center; font-size: 18px; font-family: Roboto; font-weight: 300;\">Consejos \u00fatiles para personas que quieren cuidar su salud partiendo de una alimentaci\u00f3n sana y equilibrada.<\/p>\n<p>[\/vc_column_text][vc_row_inner el_class=\u00bbdoctor-team\u00bb][vc_column_inner width=\u00bb1\/3&#8243;]<li class=\"icon_list_item\" style=\" font-size:108px;\"><div class=\"icon_list_icon\" data-animation=\"\" data-animation-delay=\"03\" style=\"font-size:36px;border-width:0px;border-style:;color:;border-color:#ececec;font-size:36px;border-width:0px;border-style:;color:;border-color:#ececec;font-size:36px;border-width:0px;border-style:;color:;border-color:#ececec;\"><img decoding=\"async\" class=\"list-img-icon\" alt=\"icon\" src=\"https:\/\/doctorgarciaarnes.com\/wp-content\/uploads\/2014\/07\/colesterol_pq1.jpg\"\/><\/div><div class=\"icon_description\"><div class=\"icon_description_text\" style=\"font-size:13px;line-height:18px;\"><h6 style=\"text-align: left; font-family: Roboto; font-size: 12px; font-weight: 500; text-decoration: underline;\"><a style=\"color: #de2833;\" href=\"?p=17385\">Colesterol<\/a><\/h6>\n<h4 style=\"text-align: left; font-family: Roboto; font-size: 18px; font-weight: 400; color: #0e405a;\">Combate el exceso de Colesterol y Triglic\u00e9ridos<\/h4>\n<hr class=\"break\" style=\"display: block; margin: 10px 0;\" \/>\n<p style=\"text-align: left; font-family: Roboto; font-size: 13px; font-weight: 400; color: #808080;\">El exceso de colesterol en la sangre hace que se deposite en las paredes de los vasos obstruyendo la circulaci\u00f3n.<\/p>\n<\/div><\/div><div class=\"icon_list_connector\" data-animation=\"fadeInLeft\" data-animation-delay=\"02\" style=\"border-color:#f5f5f5;\"><\/div><\/li>[\/vc_column_inner][vc_column_inner width=\u00bb1\/3&#8243;]<li class=\"icon_list_item\" style=\" font-size:108px;\"><div class=\"icon_list_icon\" data-animation=\"\" data-animation-delay=\"03\" style=\"font-size:36px;border-width:0px;border-style:;color:;border-color:#ececec;font-size:36px;border-width:0px;border-style:;color:;border-color:#ececec;font-size:36px;border-width:0px;border-style:;color:;border-color:#ececec;\"><img decoding=\"async\" class=\"list-img-icon\" alt=\"icon\" src=\"https:\/\/doctorgarciaarnes.com\/wp-content\/uploads\/2014\/07\/hipertension_pq.jpg\"\/><\/div><div class=\"icon_description\"><div class=\"icon_description_text\" style=\"font-size:13px;line-height:18px;\"><h6 style=\"font-family: Roboto; font-size: 12px; font-weight: 500; color: #de2833; text-align: left; text-decoration: underline;\"><a style=\"color: #de2833;\" href=\"?p=17397\">Hipertensi\u00f3n<\/a><\/h6>\n<h4 style=\"font-family: Roboto; font-size: 18px; font-weight: 400; color: #0e405a; text-align: left;\">Consejos para el paciente con Hipertensi\u00f3n Arterial<\/h4>\n<hr class=\"break\" style=\"display: block; margin: 10px 0;\" \/>\n<p style=\"font-family: Roboto; font-size: 13px; font-weight: 400; color: #808080; text-align: left;\">La Hipertensi\u00f3n Arterial frecuentemente no da ning\u00fan s\u00edntoma por lo que es conveniente medirla de forma peri\u00f3dica.<\/p>\n<\/div><\/div><div class=\"icon_list_connector\" data-animation=\"fadeInLeft\" data-animation-delay=\"02\" style=\"border-color:#f5f5f5;\"><\/div><\/li>[\/vc_column_inner][vc_column_inner width=\u00bb1\/3&#8243;]<li class=\"icon_list_item\" style=\" font-size:108px;\"><div class=\"icon_list_icon\" data-animation=\"\" data-animation-delay=\"03\" style=\"font-size:36px;border-width:0px;border-style:;color:;border-color:#ececec;font-size:36px;border-width:0px;border-style:;color:;border-color:#ececec;font-size:36px;border-width:0px;border-style:;color:;border-color:#ececec;\"><img decoding=\"async\" class=\"list-img-icon\" alt=\"icon\" src=\"https:\/\/doctorgarciaarnes.com\/wp-content\/uploads\/2014\/07\/obesidad_pq1.jpg\"\/><\/div><div class=\"icon_description\"><div class=\"icon_description_text\" style=\"font-size:13px;line-height:18px;\"><h6 style=\"font-family: Roboto; font-size: 12px; font-weight: 500; color: #de2833; text-align: left; text-decoration: underline;\"><a style=\"color: #de2833;\" href=\"?p=17423\">Obesidad<\/a><\/h6>\n<h4 style=\"font-family: Roboto; font-size: 18px; font-weight: 400; color: #0e405a; text-align: left;\">Consejos generales para el tratamiento del exceso de peso.<\/h4>\n<hr class=\"break\" style=\"display: block; margin: 10px 0;\" \/>\n<p style=\"font-family: Roboto; font-size: 13px; font-weight: 400; color: #808080; text-align: left;\">La primera cuesti\u00f3n es diferenciar\u00a0el exceso de peso de la\u00a0obesidad \u00bfC\u00f3mo saber si tengo sobrepeso o es obesidad?.<\/p>\n<\/div><\/div><div class=\"icon_list_connector\" data-animation=\"fadeInLeft\" data-animation-delay=\"02\" style=\"border-color:#f5f5f5;\"><\/div><\/li>[\/vc_column_inner][\/vc_row_inner][\/vc_column][\/vc_row]<\/p>\n<\/div>","protected":false},"excerpt":{"rendered":"<p>[vc_row][vc_column][vc_column_text css=\u00bb\u00bb] [\/vc_column_text][\/vc_column][\/vc_row][vc_row bg_type=\u00bbtheme_default\u00bb css=\u00bb.vc_custom_1405148833663{margin-top: 40px !important;}\u00bb][vc_column][vc_column_text] Especialista en Endocrinolog\u00eda, Metabolismo y Nutrici\u00f3n Especialista en&#8230;<\/p>\n","protected":false},"author":1,"featured_media":0,"parent":0,"menu_order":0,"comment_status":"open","ping_status":"open","template":"","meta":{"footnotes":""},"class_list":["post-17265","page","type-page","status-publish","hentry"],"_links":{"self":[{"href":"https:\/\/doctorgarciaarnes.com\/index.php?rest_route=\/wp\/v2\/pages\/17265","targetHints":{"allow":["GET"]}}],"collection":[{"href":"https:\/\/doctorgarciaarnes.com\/index.php?rest_route=\/wp\/v2\/pages"}],"about":[{"href":"https:\/\/doctorgarciaarnes.com\/index.php?rest_route=\/wp\/v2\/types\/page"}],"author":[{"embeddable":true,"href":"https:\/\/doctorgarciaarnes.com\/index.php?rest_route=\/wp\/v2\/users\/1"}],"replies":[{"embeddable":true,"href":"https:\/\/doctorgarciaarnes.com\/index.php?rest_route=%2Fwp%2Fv2%2Fcomments&post=17265"}],"version-history":[{"count":36,"href":"https:\/\/doctorgarciaarnes.com\/index.php?rest_route=\/wp\/v2\/pages\/17265\/revisions"}],"predecessor-version":[{"id":17595,"href":"https:\/\/doctorgarciaarnes.com\/index.php?rest_route=\/wp\/v2\/pages\/17265\/revisions\/17595"}],"wp:attachment":[{"href":"https:\/\/doctorgarciaarnes.com\/index.php?rest_route=%2Fwp%2Fv2%2Fmedia&parent=17265"}],"curies":[{"name":"wp","href":"https:\/\/api.w.org\/{rel}","templated":true}]}}