{"id":17431,"date":"2015-10-29T09:13:16","date_gmt":"2015-10-29T09:13:16","guid":{"rendered":"https:\/\/doctorgarciaarnes.com.mialias.net\/?page_id=17431"},"modified":"2025-11-21T07:18:59","modified_gmt":"2025-11-21T07:18:59","slug":"17431-2","status":"publish","type":"page","link":"https:\/\/doctorgarciaarnes.com\/?page_id=17431","title":{"rendered":"Experiencia profesional"},"content":{"rendered":"<div class=\"wpb-content-wrapper\"><p>[vc_row][vc_column][vc_single_image image=\u00bb17563&#8243; img_size=\u00bbfull\u00bb][vc_column_text]<\/p>\n<h2>Dr. Juan Antonio Garc\u00eda Arn\u00e9s<\/h2>\n<h3>Especialista en Endocrinolog\u00eda, Metabolismo y Nutrici\u00f3n.<\/h3>\n<p>[\/vc_column_text][vc_column_text]<\/p>\n<h2 style=\"text-align: center;\"><span style=\"text-decoration: underline;\"><span style=\"color: #000000; text-decoration: underline;\">Experiencia profesional.<\/span><\/span><\/h2>\n<p>[\/vc_column_text][vc_separator type=\u00bbdashed\u00bb][vc_column_text]<span style=\"font-family: 'Roboto Slab', Georgia, sans-serif; font-weight: 400; font-size: 18px; line-height: 1.7;\">Especialista en Medicina Interna.<\/span><\/p>\n<p><span style=\"font-family: 'Roboto Slab', Georgia, sans-serif; font-weight: 400; font-size: 18px; line-height: 1.7;\">Especialista en Endocrinolog\u00eda y Nutrici\u00f3n.<\/span><\/p>\n<p><span style=\"font-family: 'Roboto Slab', Georgia, sans-serif; font-weight: 400; font-size: 18px; line-height: 1.7;\">Profesor de Farmacolog\u00eda Cl\u00ednica de la Facultad de Medicina de M\u00e1laga.<\/span><\/p>\n<p><span style=\"font-family: 'Roboto Slab', Georgia, sans-serif; font-weight: 400; font-size: 18px; line-height: 1.7;\">M\u00e9dico Especialista de Endocrinolog\u00eda del Hospital Universitario Carlos Haya de M\u00e1laga.<\/span><\/p>\n<p><span style=\"font-family: 'Roboto Slab', Georgia, sans-serif; font-weight: 400; font-size: 18px; line-height: 1.7;\">Licenciado en Medicina y Cirug\u00eda por la Universidad de Salamanca.<\/span><\/p>\n<p><span style=\"font-family: 'Roboto Slab', Georgia, sans-serif; font-weight: 400; font-size: 18px; line-height: 1.7;\">Doctorado en Medicina por la Universidad de M\u00e1laga con la tesis doctoral: \u201cEstudio del funcionalismo plaquetario en diabetes tipo 1 sin complicaciones vasculares\u201d calificada de Sobresaliente Cum laude.<\/span><\/p>\n<h4><\/h4>\n<p>[\/vc_column_text][vc_separator][vc_column_text]<\/p>\n<ul class=\"1.7\" style=\"line-height: 1.7;\">\n<li>M\u00e1s de 100 comunicaciones a congresos m\u00e9dicos Nacionales e Internacionales de la especialidad de Endocrinolog\u00eda y Nutrici\u00f3n<\/li>\n<li>M\u00e1s de 50 publicaciones en revistas Nacionales e Internacionales as\u00ed como cap\u00edtulos de libros sobre temas de la especialidad de Endocrinolog\u00eda y Nutrici\u00f3n<\/li>\n<li>Participaci\u00f3n en 30 proyectos de investigaci\u00f3n (7 del plan Nacional) y Ensayos cl\u00ednicos con diversos f\u00e1rmacos<\/li>\n<li>Director de varias Tesis Doctorales y Proyectos de Licenciatura<\/li>\n<li>Actividad docente como Director del curso de doctorado anual sobre Avances en Terap\u00e9utica Endocrinol\u00f3gica en el departamento de Farmacolog\u00eda de la Universidad de M\u00e1laga<\/li>\n<li>Profesor de Farmacolog\u00eda y Diet\u00e9tica en las Diplomaturas de Enfermer\u00eda, Podolog\u00eda y Terapia Ocupacional de la Universidad de M\u00e1laga<\/li>\n<li>Tutor de residentes de Endocrinolog\u00eda del Hospital Carlos Haya de M\u00e1laga<\/li>\n<li>M\u00e1s de 50 ponencias a Congresos y Cursos as\u00ed como docencia impartida a M\u00e9dicos de Familia sobre temas de la especialidad (Diabetes, Obesidad. Enfermedades Hipofisarias)<\/li>\n<li>Presidente y miembro de la Comisi\u00f3n de Farmacia del Hospital Carlos Haya de M\u00e1laga<\/li>\n<li>Presidente de la Comisi\u00f3n de Nutrici\u00f3n del Hospital Carlos Haya de M\u00e1laga<\/li>\n<li>Miembro de la Sociedad Espa\u00f1ola de Endocrinolog\u00eda y Nutrici\u00f3n (SEEN) perteneciendo al grupo de Neuroendocrinolog\u00eda<\/li>\n<li>Miembro de la Sociedad Espa\u00f1ola de Diabetes,(SED) perteneciendo al grupo de Diabetes y Riesgo Cardiovascular<\/li>\n<li>Miembro de la Sociedad espa\u00f1ola para el estudio de la Obesidad (SEEDO)<\/li>\n<li>Miembro de la Sociedad Andaluza de Endocrinolog\u00eda y Nutrici\u00f3n (SAEN)<\/li>\n<li>Coautor de la Gu\u00eda Nacional de Acromegalia de la Sociedad Espa\u00f1ola de Endocrinolog\u00eda.<\/li>\n<\/ul>\n<p>[\/vc_column_text][\/vc_column][\/vc_row][vc_row][vc_column][vc_column_text css=\u00bb\u00bb]<strong>\u00daLTIMOS TRABAJOS DE INVESTIGACI\u00d3N PUBLICADOS<\/strong><\/p>\n<p>&nbsp;<\/p>\n<p>1.- \u00ab<a href=\"https:\/\/www.sciencedirect.com\/science\/article\/abs\/pii\/S0014256523000024?via%3Dihub\" target=\"_blank\" rel=\"noopener\">Endocrinolog\u00eda del dopaje y los deportes: hormona de crecimiento, IGF-1, insulina y eritropoyetina\u00bb<\/a>. Revista Cl\u00ednica Espa\u00f1ola 2023<\/p>\n<p>2.-\u00ab<a href=\"https:\/\/www.sciencedirect.com\/science\/article\/pii\/S0014256522001308\" target=\"_blank\" rel=\"noopener noreferrer\">Endocrinolog\u00eda del dopage y los deportes: Andr\u00f3genos Anabolizantes<\/a>.\u00bbRevista Cl\u00ednica Espa\u00f1ola 2022<\/p>\n<p>3.-Cognitive Functioning and Cortical Brain Thickness in Acromegaly Patients: A Pilot study. Arch Clin Neuropsychol. 2020.<\/p>\n<p>4.- Antidiabetic Drugs in Alzheimer&#8217;s Disease and Mild Cognitive Impairment: A Systematic Review. Dement Geriatr Cogn Disord. 2020.<\/p>\n<p>5.- Conocimiento actual de la epilepsia music\u00f3gena: revisi\u00f3n de la literatura cient\u00edfica [State of the art in musicogenic epilepsy: a review of the scientific literature]. Rev Neurol. 2019 Oct 1;69(7):293-300.<\/p>\n<p>6.- Treatment adherence to pegvisomant in patients with acromegaly in Spain: PEGASO study. Pituitary. 2019 Apr;22(2):137-145.<\/p>\n<p>7.- ACROSTART: A retrospective study of the time to achieve hormonal control with lanreotide Autogel treatment in Spanish patients with acromegaly. Endocrinol Diabetes Nutr 2019.<\/p>\n<p>8.- Music Therapy in Parkinson\u2019s Disease. J Am Med Direc Assoc 2018.<\/p>\n<p>9.- Brain Functional Connectivity Is Modified by a Hypocaloric Mediterranean Diet and Physical Activity in Obese Women. Nutrients.2017.<\/p>\n<p>10.- Music therapy as a non-pharmacological treatment in Alzheimer\u2019s disease. A systematic review. Rev Neurol.2017.<\/p>\n<p>11.- BIM-23A760 influences key functional endpoints in pituitary adenomas and normal pituitaries: molecular mechanisms underlying the differential response in adenomas. Sci Rep.2017.<\/p>\n<p>12.- Octreotide and pasireotide (dis)similarly inhibit pituitary tumor cells in vitro. J Endocrinol.2016.<\/p>\n<p>13.- A Probabilistic Model for Cushing\u2019s Syndrome Screening in At-Risk Populations: A Prospective Multicenter Study. J Clin Endocrino Metab 2016.<\/p>\n<p>14.- Alzheimer\u2019s like brain changes correlate with low adiponectin plasma levels in type 2 diabetic patients. J Diabetes Complications.2016.<\/p>\n<p>15.- Effect of Roux-en-Y gastric bypass-induced weight loss on the transcriptomic profiling of subcutaneous adipose tissue. Surg Obes Relat Dis 2016.<\/p>\n<p class=\"p1\">16. Cognitive Functioning and Cortical Brain Thickness in Acromegaly Patients: A Pilot study. Arch Clin Neuropsychol.<span class=\"Apple-converted-space\">\u00a0 <\/span>2021<\/p>\n<p class=\"p1\">17. Melodic Intonation Therapy in Post-Stroke Non-Fluent Aphasia and Its Effects on Brain Plasticity.<span class=\"Apple-converted-space\">\u00a0 <\/span>J Clin Med.<span class=\"Apple-converted-space\">\u00a0 <\/span>2022<\/p>\n<p class=\"p1\">18. Effects of Type 2 Diabetes on the Neuropsychological Profile in Mild Cognitive Impairment. J A\u00f1zheimers Dis. 2024<\/p>\n<p class=\"p1\">19. Retinal structure and vasculature changes and their relationship with mild cognitive impairment in type 2 diabetes.<span class=\"Apple-converted-space\">\u00a0 <\/span>J Alzheimers Dis.<span class=\"Apple-converted-space\">\u00a0 <\/span>2025<\/p>\n<p class=\"p1\">20. Sudomotor Disfunci\u00f3n in type 1 diabetes: A case report. J Endinu. 2025<\/p>\n<p>[\/vc_column_text][\/vc_column][\/vc_row]<\/p>\n<\/div>","protected":false},"excerpt":{"rendered":"<p>[vc_row][vc_column][vc_single_image image=\u00bb17563&#8243; img_size=\u00bbfull\u00bb][vc_column_text] Dr. Juan Antonio Garc\u00eda Arn\u00e9s Especialista en Endocrinolog\u00eda, Metabolismo y Nutrici\u00f3n. [\/vc_column_text][vc_column_text]&#8230;<\/p>\n","protected":false},"author":1,"featured_media":0,"parent":0,"menu_order":0,"comment_status":"closed","ping_status":"closed","template":"","meta":{"footnotes":""},"class_list":["post-17431","page","type-page","status-publish","hentry"],"_links":{"self":[{"href":"https:\/\/doctorgarciaarnes.com\/index.php?rest_route=\/wp\/v2\/pages\/17431","targetHints":{"allow":["GET"]}}],"collection":[{"href":"https:\/\/doctorgarciaarnes.com\/index.php?rest_route=\/wp\/v2\/pages"}],"about":[{"href":"https:\/\/doctorgarciaarnes.com\/index.php?rest_route=\/wp\/v2\/types\/page"}],"author":[{"embeddable":true,"href":"https:\/\/doctorgarciaarnes.com\/index.php?rest_route=\/wp\/v2\/users\/1"}],"replies":[{"embeddable":true,"href":"https:\/\/doctorgarciaarnes.com\/index.php?rest_route=%2Fwp%2Fv2%2Fcomments&post=17431"}],"version-history":[{"count":28,"href":"https:\/\/doctorgarciaarnes.com\/index.php?rest_route=\/wp\/v2\/pages\/17431\/revisions"}],"predecessor-version":[{"id":17600,"href":"https:\/\/doctorgarciaarnes.com\/index.php?rest_route=\/wp\/v2\/pages\/17431\/revisions\/17600"}],"wp:attachment":[{"href":"https:\/\/doctorgarciaarnes.com\/index.php?rest_route=%2Fwp%2Fv2%2Fmedia&parent=17431"}],"curies":[{"name":"wp","href":"https:\/\/api.w.org\/{rel}","templated":true}]}}