{"id":17455,"date":"2015-10-29T11:48:18","date_gmt":"2015-10-29T11:48:18","guid":{"rendered":"https:\/\/doctorgarciaarnes.com.mialias.net\/?page_id=17455"},"modified":"2016-04-19T08:23:35","modified_gmt":"2016-04-19T08:23:35","slug":"tecnologia","status":"publish","type":"page","link":"https:\/\/doctorgarciaarnes.com\/?page_id=17455","title":{"rendered":"Pruebas complementarias"},"content":{"rendered":"<div class=\"wpb-content-wrapper\"><p>[vc_row][vc_column][vc_single_image image=\u00bb17562&#8243; img_size=\u00bbfull\u00bb][\/vc_column][\/vc_row][vc_row][vc_column width=\u00bb2\/3&#8243;][vc_column_text]<\/p>\n<h3>Pruebas que se realizan en la consulta<\/h3>\n<ul style=\"line-height: 1.9;\">\n<li>Exploraci\u00f3n general.<\/li>\n<li>Medidas antropom\u00e9tricas: Peso, Talla, Medida de pliegues cutaneos, etc<\/li>\n<li>Estudio de la Composici\u00f3n Corporal mediante Bioimpedancia El\u00e9ctrica: Porcentaje de masa grasa, masa magra y contenido de agua del organismo. Metabolismo basal.<\/li>\n<li>Ecograf\u00eda de la gl\u00e1ndula Tiroides.<\/li>\n<li>Densitometr\u00eda \u00d3sea<\/li>\n<li>Electrocardiograma<\/li>\n<li>Examen circulatorio (oscilom\u00e9trico y doppler tobillo brazo) as\u00ed como sensibilidad de los pies en patolog\u00eda diab\u00e9tica.<\/li>\n<li>Determinaci\u00f3n Anal\u00edtica de Glucemia, Colesterol y Hemoglobina Glicosilada.<\/li>\n<li>Prescripci\u00f3n de dietas de adelgazamiento.<\/li>\n<li>Asesoramiento y seguimiento diet\u00e9tico por Nutricionista con t\u00edtulo de Especialista en Diet\u00e9tica y Nutrici\u00f3n y Master en Educaci\u00f3n para la Salud.<\/li>\n<\/ul>\n<p>[\/vc_column_text][vc_separator][vc_empty_space][vc_column_text]<\/p>\n<h3>Los mejores medios para obtener los mejores diagn\u00f3sticos.<\/h3>\n<p>La calidad en la atenci\u00f3n a los pacientes es prioritaria\u00a0en nuestra consulta, otorgando la importancia y el tiempo que merece cada revisi\u00f3n, cada prueba, cada caso, cada persona.<\/p>\n<p>Por eso tratamos siempre de emplear los medios m\u00e1s avanzados a nuestro alcance, porque la tecnolog\u00eda puede ayudarnos a mejorar la atenci\u00f3n a nuestros pacientes permiti\u00e9ndonos obtener\u00a0diagn\u00f3sticos m\u00e1s precisos y realizar pruebas m\u00e1s eficaces en menor tiempo.<\/p>\n<p>Por eso contamos con equipos de gama alta para la realizaci\u00f3n de ecograf\u00edas y otras pruebas, que nos permiten obtener im\u00e1genes de mayor calidad para ofrecer\u00a0un diagn\u00f3stico r\u00e1pido y con confianza y tratar los datos obtenidos con mayor rigor y precisi\u00f3n.[\/vc_column_text][\/vc_column][vc_column width=\u00bb1\/3&#8243;][vc_single_image image=\u00bb17506&#8243; img_size=\u00bbfull\u00bb][vc_single_image image=\u00bb17456&#8243; img_size=\u00bbfull\u00bb][vc_single_image image=\u00bb17557&#8243; img_size=\u00bbfull\u00bb][\/vc_column][\/vc_row]<\/p>\n<\/div>","protected":false},"excerpt":{"rendered":"<p>[vc_row][vc_column][vc_single_image image=\u00bb17562&#8243; img_size=\u00bbfull\u00bb][\/vc_column][\/vc_row][vc_row][vc_column width=\u00bb2\/3&#8243;][vc_column_text] Pruebas que se realizan en la consulta Exploraci\u00f3n general. Medidas antropom\u00e9tricas:&#8230;<\/p>\n","protected":false},"author":1,"featured_media":0,"parent":0,"menu_order":0,"comment_status":"closed","ping_status":"closed","template":"","meta":{"footnotes":""},"class_list":["post-17455","page","type-page","status-publish","hentry"],"_links":{"self":[{"href":"https:\/\/doctorgarciaarnes.com\/index.php?rest_route=\/wp\/v2\/pages\/17455","targetHints":{"allow":["GET"]}}],"collection":[{"href":"https:\/\/doctorgarciaarnes.com\/index.php?rest_route=\/wp\/v2\/pages"}],"about":[{"href":"https:\/\/doctorgarciaarnes.com\/index.php?rest_route=\/wp\/v2\/types\/page"}],"author":[{"embeddable":true,"href":"https:\/\/doctorgarciaarnes.com\/index.php?rest_route=\/wp\/v2\/users\/1"}],"replies":[{"embeddable":true,"href":"https:\/\/doctorgarciaarnes.com\/index.php?rest_route=%2Fwp%2Fv2%2Fcomments&post=17455"}],"version-history":[{"count":9,"href":"https:\/\/doctorgarciaarnes.com\/index.php?rest_route=\/wp\/v2\/pages\/17455\/revisions"}],"predecessor-version":[{"id":17565,"href":"https:\/\/doctorgarciaarnes.com\/index.php?rest_route=\/wp\/v2\/pages\/17455\/revisions\/17565"}],"wp:attachment":[{"href":"https:\/\/doctorgarciaarnes.com\/index.php?rest_route=%2Fwp%2Fv2%2Fmedia&parent=17455"}],"curies":[{"name":"wp","href":"https:\/\/api.w.org\/{rel}","templated":true}]}}